{"id":3094,"date":"2023-02-09T17:55:15","date_gmt":"2023-02-09T17:55:15","guid":{"rendered":"https:\/\/cnssbf.org\/?page_id=3094"},"modified":"2023-06-15T22:26:26","modified_gmt":"2023-06-15T22:26:26","slug":"calcul-des-cotisations","status":"publish","type":"page","link":"http:\/\/cnssbf.org\/?page_id=3094","title":{"rendered":"Assurance volontaire_forms"},"content":{"rendered":"\t\t<div data-elementor-type=\"wp-page\" data-elementor-id=\"3094\" class=\"elementor elementor-3094\" data-elementor-post-type=\"page\">\n\t\t\t\t\t\t\t\t\t<section data-exad-particle-enable=\"false\" class=\"elementor-section elementor-top-section elementor-element elementor-element-79fc04c elementor-section-boxed elementor-section-height-default elementor-section-height-default exad-parallax-effect-no exad-background-color-change-no exad-glass-effect-no exad-sticky-section-no\" data-id=\"79fc04c\" data-element_type=\"section\">\n\t\t\t\t\t\t<div class=\"elementor-container elementor-column-gap-default\">\n\t\t\t\t\t<div class=\"aux-parallax-section elementor-column elementor-col-100 elementor-top-column elementor-element elementor-element-be16c4d exad-glass-effect-no exad-sticky-section-no\" data-id=\"be16c4d\" data-element_type=\"column\">\n\t\t\t<div class=\"elementor-widget-wrap elementor-element-populated\">\n\t\t\t\t\t\t\t\t<div class=\"elementor-element elementor-element-bd728c1 exad-sticky-section-no exad-glass-effect-no elementor-widget elementor-widget-shortcode\" data-id=\"bd728c1\" data-element_type=\"widget\" data-widget_type=\"shortcode.default\">\n\t\t\t\t<div class=\"elementor-widget-container\">\n\t\t\t\t\t<div class=\"elementor-shortcode\"><!DOCTYPE html>\r\n<html>\r\n<head>\r\n  <title>Assurance Volontaire<\/title>\r\n  <style>\r\n    .fieldset-red {\r\n      border: 2px solid red;\r\n      padding: 10px;\r\n    }\r\n    .rep {\r\n      font-weight: bold;\r\n    }\r\n  <\/style>\r\n<\/head>\r\n<body>\r\n  \r\n  <h1>Assurance Volontaire<\/h1>\r\n\r\n  <div class=\"fieldset-red\">\r\n    <form action=\"\" method=\"post\">\r\n      <label for=\"salaireMensuel\">Salaire mensuel :<\/label>\r\n      <input type=\"text\" name=\"salaireMensuel\" id=\"salaireMensuel\" required>\r\n      <br>\r\n      <input type=\"submit\" name=\"calculer\" value=\"Calculer\">\r\n    <\/form>\r\n  <\/div>\r\n\r\n  <\/body>\r\n<\/html><\/div>\n\t\t\t\t<\/div>\n\t\t\t\t<\/div>\n\t\t\t\t\t<\/div>\n\t\t<\/div>\n\t\t\t\t\t\t\t<\/div>\n\t\t<\/section>\n\t\t\t\t<section data-exad-particle-enable=\"false\" class=\"elementor-section elementor-top-section elementor-element elementor-element-e58278e elementor-section-boxed elementor-section-height-default elementor-section-height-default exad-parallax-effect-no exad-background-color-change-no exad-glass-effect-no exad-sticky-section-no\" data-id=\"e58278e\" data-element_type=\"section\">\n\t\t\t\t\t\t<div class=\"elementor-container elementor-column-gap-default\">\n\t\t\t\t\t<div class=\"aux-parallax-section elementor-column elementor-col-100 elementor-top-column elementor-element elementor-element-caae4c5 exad-glass-effect-no exad-sticky-section-no\" data-id=\"caae4c5\" data-element_type=\"column\">\n\t\t\t<div class=\"elementor-widget-wrap elementor-element-populated\">\n\t\t\t\t\t\t\t\t<div class=\"elementor-element elementor-element-ceea4c2 exad-sticky-section-no exad-glass-effect-no elementor-widget elementor-widget-text-editor\" data-id=\"ceea4c2\" data-element_type=\"widget\" data-widget_type=\"text-editor.default\">\n\t\t\t\t<div class=\"elementor-widget-container\">\n\t\t\t\t\t\t\t<!DOCTYPE html>\n<html>\n<head>\n\t<title>Boutons avec menus d\u00e9roulants<\/title>\n\t<style>\n\t\t.button {\n\t\t\tbackground-color: #1B9152;\n\t\t\tborder: none;\n\t\t\tcolor: white;\n\t\t\tpadding: 15px 32px;\n\t\t\ttext-align: center;\n\t\t\ttext-decoration: none;\n\t\t\tdisplay: inline-block;\n\t\t\tfont-size: 16px;\n\t\t\tmargin: 4px 2px;\n\t\t\tcursor: pointer;\n\t\t\tborder-radius: 8px;\n\t\t\twidth: 45%;\n\t\t\t}\n\n\t\t.button a {\n  color: white;\n  text-decoration: none; \n  font-weight: bold;}\n\t\t\n\t<\/style>\n<\/head>\n<body>\n\t<button class=\"button\"><a href=\"https:\/\/cnssbf.org\/?page_id=3085\">Pension directe<\/a><\/button>\n\t<button class=\"button\"><a href=\"https:\/\/cnssbf.org\/?page_id=3277\">Pension de r\u00e9version<\/a><\/button>\n\t<button class=\"button\"><a href=\"https:\/\/cnssbf.org\/?page_id=1281\">Indemnit\u00e9s journali\u00e8res de maternit\u00e9<\/a><\/button>\n\t\n\t<button class=\"button\"><a href=\"https:\/\/cnssbf.org\/?page_id=3106\">R\u00e9partition des cotisations par branche<\/a><\/button>\n\t\n<\/body>\n<\/html>\t\t\t\t\t\t<\/div>\n\t\t\t\t<\/div>\n\t\t\t\t\t<\/div>\n\t\t<\/div>\n\t\t\t\t\t\t\t<\/div>\n\t\t<\/section>\n\t\t\t\t\t\t\t<\/div>\n\t\t","protected":false},"excerpt":{"rendered":"<p>Boutons avec menus d\u00e9roulants Pension directe Pension de r\u00e9version Indemnit\u00e9s journali\u00e8res de maternit\u00e9 R\u00e9partition des cotisations par branche<\/p>\n","protected":false},"author":1,"featured_media":0,"parent":0,"menu_order":0,"comment_status":"closed","ping_status":"closed","template":"","meta":{"pgc_meta":"","footnotes":""},"pgc_meta":"","yoast_head":"<!-- This site is optimized with the Yoast SEO plugin v21.9.1 - https:\/\/yoast.com\/wordpress\/plugins\/seo\/ -->\n<title>Assurance volontaire_forms - CNSS BF<\/title>\n<meta name=\"robots\" content=\"index, follow, max-snippet:-1, max-image-preview:large, max-video-preview:-1\" \/>\n<link rel=\"canonical\" href=\"http:\/\/cnssbf.org\/?page_id=3094\" \/>\n<meta property=\"og:locale\" content=\"fr_FR\" \/>\n<meta property=\"og:type\" content=\"article\" \/>\n<meta property=\"og:title\" content=\"Assurance volontaire_forms - CNSS BF\" \/>\n<meta property=\"og:description\" content=\"Boutons avec menus d\u00e9roulants Pension directe Pension de r\u00e9version Indemnit\u00e9s journali\u00e8res de maternit\u00e9 R\u00e9partition des cotisations par branche\" \/>\n<meta property=\"og:url\" content=\"http:\/\/cnssbf.org\/?page_id=3094\" \/>\n<meta property=\"og:site_name\" content=\"CNSS BF\" \/>\n<meta property=\"article:modified_time\" content=\"2023-06-15T22:26:26+00:00\" \/>\n<meta name=\"twitter:card\" content=\"summary_large_image\" \/>\n<script type=\"application\/ld+json\" class=\"yoast-schema-graph\">{\"@context\":\"https:\/\/schema.org\",\"@graph\":[{\"@type\":\"WebPage\",\"@id\":\"http:\/\/cnssbf.org\/?page_id=3094\",\"url\":\"http:\/\/cnssbf.org\/?page_id=3094\",\"name\":\"Assurance volontaire_forms - CNSS BF\",\"isPartOf\":{\"@id\":\"https:\/\/cnssbf.org\/#website\"},\"datePublished\":\"2023-02-09T17:55:15+00:00\",\"dateModified\":\"2023-06-15T22:26:26+00:00\",\"breadcrumb\":{\"@id\":\"http:\/\/cnssbf.org\/?page_id=3094#breadcrumb\"},\"inLanguage\":\"fr-FR\",\"potentialAction\":[{\"@type\":\"ReadAction\",\"target\":[\"http:\/\/cnssbf.org\/?page_id=3094\"]}]},{\"@type\":\"BreadcrumbList\",\"@id\":\"http:\/\/cnssbf.org\/?page_id=3094#breadcrumb\",\"itemListElement\":[{\"@type\":\"ListItem\",\"position\":1,\"name\":\"Accueil\",\"item\":\"https:\/\/cnssbf.org\/\"},{\"@type\":\"ListItem\",\"position\":2,\"name\":\"Assurance volontaire_forms\"}]},{\"@type\":\"WebSite\",\"@id\":\"https:\/\/cnssbf.org\/#website\",\"url\":\"https:\/\/cnssbf.org\/\",\"name\":\"CNSS BF\",\"description\":\"Les vertus de la solidarit\u00e9\",\"publisher\":{\"@id\":\"https:\/\/cnssbf.org\/#organization\"},\"potentialAction\":[{\"@type\":\"SearchAction\",\"target\":{\"@type\":\"EntryPoint\",\"urlTemplate\":\"https:\/\/cnssbf.org\/?s={search_term_string}\"},\"query-input\":\"required name=search_term_string\"}],\"inLanguage\":\"fr-FR\"},{\"@type\":\"Organization\",\"@id\":\"https:\/\/cnssbf.org\/#organization\",\"name\":\"CNSS BF\",\"url\":\"https:\/\/cnssbf.org\/\",\"logo\":{\"@type\":\"ImageObject\",\"inLanguage\":\"fr-FR\",\"@id\":\"https:\/\/cnssbf.org\/#\/schema\/logo\/image\/\",\"url\":\"http:\/\/cnssbf.org\/wp-content\/uploads\/2023\/12\/cropped-cropped-Logo-CNSS_new_SAP-1.png\",\"contentUrl\":\"http:\/\/cnssbf.org\/wp-content\/uploads\/2023\/12\/cropped-cropped-Logo-CNSS_new_SAP-1.png\",\"width\":461,\"height\":143,\"caption\":\"CNSS BF\"},\"image\":{\"@id\":\"https:\/\/cnssbf.org\/#\/schema\/logo\/image\/\"}}]}<\/script>\n<!-- \/ Yoast SEO plugin. -->","yoast_head_json":{"title":"Assurance volontaire_forms - CNSS BF","robots":{"index":"index","follow":"follow","max-snippet":"max-snippet:-1","max-image-preview":"max-image-preview:large","max-video-preview":"max-video-preview:-1"},"canonical":"http:\/\/cnssbf.org\/?page_id=3094","og_locale":"fr_FR","og_type":"article","og_title":"Assurance volontaire_forms - CNSS BF","og_description":"Boutons avec menus d\u00e9roulants Pension directe Pension de r\u00e9version Indemnit\u00e9s journali\u00e8res de maternit\u00e9 R\u00e9partition des cotisations par branche","og_url":"http:\/\/cnssbf.org\/?page_id=3094","og_site_name":"CNSS BF","article_modified_time":"2023-06-15T22:26:26+00:00","twitter_card":"summary_large_image","schema":{"@context":"https:\/\/schema.org","@graph":[{"@type":"WebPage","@id":"http:\/\/cnssbf.org\/?page_id=3094","url":"http:\/\/cnssbf.org\/?page_id=3094","name":"Assurance volontaire_forms - CNSS BF","isPartOf":{"@id":"https:\/\/cnssbf.org\/#website"},"datePublished":"2023-02-09T17:55:15+00:00","dateModified":"2023-06-15T22:26:26+00:00","breadcrumb":{"@id":"http:\/\/cnssbf.org\/?page_id=3094#breadcrumb"},"inLanguage":"fr-FR","potentialAction":[{"@type":"ReadAction","target":["http:\/\/cnssbf.org\/?page_id=3094"]}]},{"@type":"BreadcrumbList","@id":"http:\/\/cnssbf.org\/?page_id=3094#breadcrumb","itemListElement":[{"@type":"ListItem","position":1,"name":"Accueil","item":"https:\/\/cnssbf.org\/"},{"@type":"ListItem","position":2,"name":"Assurance volontaire_forms"}]},{"@type":"WebSite","@id":"https:\/\/cnssbf.org\/#website","url":"https:\/\/cnssbf.org\/","name":"CNSS BF","description":"Les vertus de la solidarit\u00e9","publisher":{"@id":"https:\/\/cnssbf.org\/#organization"},"potentialAction":[{"@type":"SearchAction","target":{"@type":"EntryPoint","urlTemplate":"https:\/\/cnssbf.org\/?s={search_term_string}"},"query-input":"required name=search_term_string"}],"inLanguage":"fr-FR"},{"@type":"Organization","@id":"https:\/\/cnssbf.org\/#organization","name":"CNSS BF","url":"https:\/\/cnssbf.org\/","logo":{"@type":"ImageObject","inLanguage":"fr-FR","@id":"https:\/\/cnssbf.org\/#\/schema\/logo\/image\/","url":"http:\/\/cnssbf.org\/wp-content\/uploads\/2023\/12\/cropped-cropped-Logo-CNSS_new_SAP-1.png","contentUrl":"http:\/\/cnssbf.org\/wp-content\/uploads\/2023\/12\/cropped-cropped-Logo-CNSS_new_SAP-1.png","width":461,"height":143,"caption":"CNSS BF"},"image":{"@id":"https:\/\/cnssbf.org\/#\/schema\/logo\/image\/"}}]}},"_links":{"self":[{"href":"http:\/\/cnssbf.org\/index.php?rest_route=\/wp\/v2\/pages\/3094"}],"collection":[{"href":"http:\/\/cnssbf.org\/index.php?rest_route=\/wp\/v2\/pages"}],"about":[{"href":"http:\/\/cnssbf.org\/index.php?rest_route=\/wp\/v2\/types\/page"}],"author":[{"embeddable":true,"href":"http:\/\/cnssbf.org\/index.php?rest_route=\/wp\/v2\/users\/1"}],"replies":[{"embeddable":true,"href":"http:\/\/cnssbf.org\/index.php?rest_route=%2Fwp%2Fv2%2Fcomments&post=3094"}],"version-history":[{"count":0,"href":"http:\/\/cnssbf.org\/index.php?rest_route=\/wp\/v2\/pages\/3094\/revisions"}],"wp:attachment":[{"href":"http:\/\/cnssbf.org\/index.php?rest_route=%2Fwp%2Fv2%2Fmedia&parent=3094"}],"curies":[{"name":"wp","href":"https:\/\/api.w.org\/{rel}","templated":true}]}}