{"id":69,"date":"2018-08-15T06:26:42","date_gmt":"2018-08-15T06:26:42","guid":{"rendered":"https:\/\/cnssbf.org\/?page_id=69"},"modified":"2024-02-12T11:26:54","modified_gmt":"2024-02-12T11:26:54","slug":"actualites","status":"publish","type":"page","link":"https:\/\/cnssbf.org\/?page_id=69","title":{"rendered":"Actualit\u00e9s"},"content":{"rendered":"\t\t<div data-elementor-type=\"wp-post\" data-elementor-id=\"69\" class=\"elementor elementor-69\" data-elementor-post-type=\"page\">\n\t\t\t\t\t\t\t\t\t<section data-exad-particle-enable=\"false\" class=\"elementor-section elementor-top-section elementor-element elementor-element-7730518d3 elementor-section-boxed elementor-section-height-default elementor-section-height-default exad-parallax-effect-no exad-background-color-change-no exad-glass-effect-no exad-sticky-section-no\" data-id=\"7730518d3\" data-element_type=\"section\">\n\t\t\t\t\t\t<div class=\"elementor-container elementor-column-gap-default\">\n\t\t\t\t\t<div class=\"aux-parallax-section elementor-column elementor-col-100 elementor-top-column elementor-element elementor-element-7900a389 exad-glass-effect-no exad-sticky-section-no\" data-id=\"7900a389\" data-element_type=\"column\">\n\t\t\t<div class=\"elementor-widget-wrap elementor-element-populated\">\n\t\t\t\t\t\t\t\t<div class=\"elementor-element elementor-element-67505a0 exad-sticky-section-no exad-glass-effect-no elementor-widget elementor-widget-shortcode\" data-id=\"67505a0\" data-element_type=\"widget\" data-widget_type=\"shortcode.default\">\n\t\t\t\t<div class=\"elementor-widget-container\">\n\t\t\t\t\t<div class=\"elementor-shortcode\">        <div data-options='{&quot;id&quot;:&quot;3296&quot;,&quot;lazy_load&quot;:&quot;no&quot;,&quot;masonry_enable&quot;:&quot;no&quot;,&quot;view_type&quot;:&quot;grid&quot;}' id=\"post-grid-3296\" class=\"post-grid grid\">\r\n                <div class=\"grid-items\">\r\n            <div class=\"item item-11389 skin flat even 0 \">\r\n                <div class=\"layer-wrapper layout-3299\">\r\n                <div class=\"element element_1707738453123  thumb \">\r\n                    <img decoding=\"async\" alt=\"\"\r\n src=\"https:\/\/cnssbf.org\/wp-content\/uploads\/2026\/01\/IMG-20251128-WA0136-280x180.jpg\">\r\n        \r\n\r\n    <\/div>\r\n    <div class=\"element element_1587187895341 text_Style title \">\r\n                    <a target=\"_blank\" href=\"https:\/\/cnssbf.org\/?p=11389\">R\u00e9silience et continuit\u00e9 de service : La Direction R\u00e9gionale de Bobo-Dioulasso s'approprie le Syst\u00e8me de Management de la Continuit\u00e9 d\u2019Activit\u00e9s (SMCA)<\/a>\r\n\r\n        \r\n\r\n    <\/div>\r\n    <div class=\"element element_1707739661087  excerpt \">\r\n                    <\/div>\r\n    <div class=\"element element_1694522062385  post_date \">\r\n                    21\/01\/2026        \r\n    <\/div>\r\n        <\/div>\r\n    <\/div><div class=\"item item-11377 skin flat odd 1 \">\r\n                <div class=\"layer-wrapper layout-3299\">\r\n                <div class=\"element element_1707738453123  thumb \">\r\n                    <img decoding=\"async\" alt=\"Une vue de quelques camions en stationnement lors de l\u2019op\u00e9ration\"\r\n src=\"https:\/\/cnssbf.org\/wp-content\/uploads\/2026\/01\/Une-vue-de-quelques-camions-en-stationnement-lors-de-loperation-280x180.jpg\">\r\n        \r\n\r\n    <\/div>\r\n    <div class=\"element element_1587187895341 text_Style title \">\r\n                    <a target=\"_blank\" href=\"https:\/\/cnssbf.org\/?p=11377\">Contr\u00f4le sp\u00e9cial d\u2019affiliation des chauffeurs routiers : La CNSS intensifie le contr\u00f4le des cartes d\u2019affiliation<\/a>\r\n\r\n        \r\n\r\n    <\/div>\r\n    <div class=\"element element_1707739661087  excerpt \">\r\n                    <\/div>\r\n    <div class=\"element element_1694522062385  post_date \">\r\n                    21\/01\/2026        \r\n    <\/div>\r\n        <\/div>\r\n    <\/div><div class=\"item item-11351 skin flat even 2 \">\r\n                <div class=\"layer-wrapper layout-3299\">\r\n                <div class=\"element element_1707738453123  thumb \">\r\n                    <img decoding=\"async\" alt=\"\"\r\n src=\"https:\/\/cnssbf.org\/wp-content\/uploads\/2025\/12\/DG-echangeant-avec-un-controleur-sur-loperation-280x180.jpg\">\r\n        \r\n\r\n    <\/div>\r\n    <div class=\"element element_1587187895341 text_Style title \">\r\n                    <a target=\"_blank\" href=\"https:\/\/cnssbf.org\/?p=11351\">Op\u00e9ration de contr\u00f4le des boulangeries, p\u00e2tisseries et glaciers sur tout le territoire national : Le Directeur g\u00e9n\u00e9ral galvanise les \u00e9quipes mobilis\u00e9es sur le terrain<\/a>\r\n\r\n        \r\n\r\n    <\/div>\r\n    <div class=\"element element_1707739661087  excerpt \">\r\n                    <\/div>\r\n    <div class=\"element element_1694522062385  post_date \">\r\n                    22\/12\/2025        \r\n    <\/div>\r\n        <\/div>\r\n    <\/div><div class=\"item item-11290 skin flat odd 3 \">\r\n                <div class=\"layer-wrapper layout-3299\">\r\n                <div class=\"element element_1707738453123  thumb \">\r\n                    <img decoding=\"async\" alt=\"\"\r\n src=\"https:\/\/cnssbf.org\/wp-content\/uploads\/2025\/11\/f6634063-24aa-4fcf-9b25-0b6217198198-280x180.jpg\">\r\n        \r\n\r\n    <\/div>\r\n    <div class=\"element element_1587187895341 text_Style title \">\r\n                    <a target=\"_blank\" href=\"https:\/\/cnssbf.org\/?p=11290\">Assurance volontaire : \u00e9change autour de l\u2019\u00e9tude sur la viabilit\u00e9 de l\u2019assurance volontaire<\/a>\r\n\r\n        \r\n\r\n    <\/div>\r\n    <div class=\"element element_1707739661087  excerpt \">\r\n                    <\/div>\r\n    <div class=\"element element_1694522062385  post_date \">\r\n                    11\/11\/2025        \r\n    <\/div>\r\n        <\/div>\r\n    <\/div><div class=\"item item-11266 skin flat even 4 \">\r\n                <div class=\"layer-wrapper layout-3299\">\r\n                <div class=\"element element_1707738453123  thumb \">\r\n                    <img decoding=\"async\" alt=\"\"\r\n src=\"https:\/\/cnssbf.org\/wp-content\/uploads\/2025\/11\/fbf799b6-d188-40f7-8e95-6d10dba30f28-280x180.jpg\">\r\n        \r\n\r\n    <\/div>\r\n    <div class=\"element element_1587187895341 text_Style title \">\r\n                    <a target=\"_blank\" href=\"https:\/\/cnssbf.org\/?p=11266\">Digitalisation des services : la CNSS lance une application mobile \u00ab eCNSS Burkina \u00bb, au profit des assur\u00e9s sociaux<\/a>\r\n\r\n        \r\n\r\n    <\/div>\r\n    <div class=\"element element_1707739661087  excerpt \">\r\n                    <\/div>\r\n    <div class=\"element element_1694522062385  post_date \">\r\n                    11\/11\/2025        \r\n    <\/div>\r\n        <\/div>\r\n    <\/div><div class=\"item item-11251 skin flat odd 5 \">\r\n                <div class=\"layer-wrapper layout-3299\">\r\n                <div class=\"element element_1707738453123  thumb \">\r\n                    <img decoding=\"async\" alt=\"Photo de famille\"\r\n src=\"https:\/\/cnssbf.org\/wp-content\/uploads\/2025\/11\/b1ac08fa-825f-4e56-a6cb-d607ac37e2da-1-280x180.jpg\">\r\n        \r\n\r\n    <\/div>\r\n    <div class=\"element element_1587187895341 text_Style title \">\r\n                    <a target=\"_blank\" href=\"https:\/\/cnssbf.org\/?p=11251\">Action sociale : 600 \u00e9l\u00e8ves et 600 veuves b\u00e9n\u00e9ficient du soutien de la CNSS et de ses partenaires<\/a>\r\n\r\n        \r\n\r\n    <\/div>\r\n    <div class=\"element element_1707739661087  excerpt \">\r\n                    <\/div>\r\n    <div class=\"element element_1694522062385  post_date \">\r\n                    11\/11\/2025        \r\n    <\/div>\r\n        <\/div>\r\n    <\/div><div class=\"item item-11211 skin flat even 6 \">\r\n                <div class=\"layer-wrapper layout-3299\">\r\n                <div class=\"element element_1707738453123  thumb \">\r\n                    <img decoding=\"async\" alt=\"\"\r\n src=\"https:\/\/cnssbf.org\/wp-content\/uploads\/2025\/09\/Photo-de-groupe-controleurs-de-securite-sociale-280x180.jpg\">\r\n        \r\n\r\n    <\/div>\r\n    <div class=\"element element_1587187895341 text_Style title \">\r\n                    <a target=\"_blank\" href=\"https:\/\/cnssbf.org\/?p=11211\">Fin de stage des contr\u00f4leurs de s\u00e9curit\u00e9 sociale : le Directeur g\u00e9n\u00e9ral f\u00e9licite les stagiaires<\/a>\r\n\r\n        \r\n\r\n    <\/div>\r\n    <div class=\"element element_1707739661087  excerpt \">\r\n                    <\/div>\r\n    <div class=\"element element_1694522062385  post_date \">\r\n                    01\/09\/2025        \r\n    <\/div>\r\n        <\/div>\r\n    <\/div><div class=\"item item-11185 skin flat odd 7 \">\r\n                <div class=\"layer-wrapper layout-3299\">\r\n                <div class=\"element element_1707738453123  thumb \">\r\n                    <img decoding=\"async\" alt=\"\"\r\n src=\"https:\/\/cnssbf.org\/wp-content\/uploads\/2025\/09\/Sortie-de-promotion-SPAS-2025-280x180.jpg\">\r\n        \r\n\r\n    <\/div>\r\n    <div class=\"element element_1587187895341 text_Style title \">\r\n                    <a target=\"_blank\" href=\"https:\/\/cnssbf.org\/?p=11185\">Ann\u00e9e scolaire 2024-2025 : la CNSS honore les apprenantes de la promotion 2022-2025 des \u00e9l\u00e8ves en coupe-couture<\/a>\r\n\r\n        \r\n\r\n    <\/div>\r\n    <div class=\"element element_1707739661087  excerpt \">\r\n                    <\/div>\r\n    <div class=\"element element_1694522062385  post_date \">\r\n                    01\/09\/2025        \r\n    <\/div>\r\n        <\/div>\r\n    <\/div><div class=\"item item-10999 skin flat even 8 \">\r\n                <div class=\"layer-wrapper layout-3299\">\r\n                <div class=\"element element_1707738453123  thumb \">\r\n                    <img decoding=\"async\" alt=\"\"\r\n src=\"https:\/\/cnssbf.org\/wp-content\/uploads\/2025\/03\/Ecnss-280x180.jpg\">\r\n        \r\n\r\n    <\/div>\r\n    <div class=\"element element_1587187895341 text_Style title \">\r\n                    <a target=\"_blank\" href=\"https:\/\/cnssbf.org\/?p=10999\">Plateforme eCNSS : un atelier pour l\u2019ajout du module compl\u00e9mentaire &lt;&lt; Accidents du travail et Maladies professionnelles&gt;&gt;<\/a>\r\n\r\n        \r\n\r\n    <\/div>\r\n    <div class=\"element element_1707739661087  excerpt \">\r\n                    <\/div>\r\n    <div class=\"element element_1694522062385  post_date \">\r\n                    29\/03\/2025        \r\n    <\/div>\r\n        <\/div>\r\n    <\/div><div class=\"item item-10986 skin flat odd 9 \">\r\n                <div class=\"layer-wrapper layout-3299\">\r\n                <div class=\"element element_1707738453123  thumb \">\r\n                    <img decoding=\"async\" alt=\"\"\r\n src=\"https:\/\/cnssbf.org\/wp-content\/uploads\/2025\/03\/WhatsApp-Image-2025-03-02-a-04.55.59_06b66bbe-280x180.jpg\">\r\n        \r\n\r\n    <\/div>\r\n    <div class=\"element element_1587187895341 text_Style title \">\r\n                    <a target=\"_blank\" href=\"https:\/\/cnssbf.org\/?p=10986\">D\u00e9part \u00e0 la retraite : 28 agents retrait\u00e9s re\u00e7oivent des honneurs.<\/a>\r\n\r\n        \r\n\r\n    <\/div>\r\n    <div class=\"element element_1707739661087  excerpt \">\r\n                    <\/div>\r\n    <div class=\"element element_1694522062385  post_date \">\r\n                    29\/03\/2025        \r\n    <\/div>\r\n        <\/div>\r\n    <\/div><div class=\"item item-10974 skin flat even 10 \">\r\n                <div class=\"layer-wrapper layout-3299\">\r\n                <div class=\"element element_1707738453123  thumb \">\r\n                    <img decoding=\"async\" alt=\"\"\r\n src=\"https:\/\/cnssbf.org\/wp-content\/uploads\/2025\/03\/Recouvrement-1-280x180.jpg\">\r\n        \r\n\r\n    <\/div>\r\n    <div class=\"element element_1587187895341 text_Style title \">\r\n                    <a target=\"_blank\" href=\"https:\/\/cnssbf.org\/?p=10974\">Processus de migration des employeurs affili\u00e9s \u00e0 la CNSS de la CITI \u00e0 la classification NAEMA: Les responsables du recouvrement en atelier de formation<\/a>\r\n\r\n        \r\n\r\n    <\/div>\r\n    <div class=\"element element_1707739661087  excerpt \">\r\n                    <\/div>\r\n    <div class=\"element element_1694522062385  post_date \">\r\n                    29\/03\/2025        \r\n    <\/div>\r\n        <\/div>\r\n    <\/div><div class=\"item item-10963 skin flat odd 11 \">\r\n                <div class=\"layer-wrapper layout-3299\">\r\n                <div class=\"element element_1707738453123  thumb \">\r\n                    <img decoding=\"async\" alt=\"\"\r\n src=\"https:\/\/cnssbf.org\/wp-content\/uploads\/2025\/03\/bOUMBOUM-4-1-280x180.jpg\">\r\n        \r\n\r\n    <\/div>\r\n    <div class=\"element element_1587187895341 text_Style title \">\r\n                    <a target=\"_blank\" href=\"https:\/\/cnssbf.org\/?p=10963\">Responsabilit\u00e9 soci\u00e9tale de l\u2019entreprise : Dramane Nabaloum dit Boum Boum re\u00e7oit un ch\u00e8que d'un million de francs CFA<\/a>\r\n\r\n        \r\n\r\n    <\/div>\r\n    <div class=\"element element_1707739661087  excerpt \">\r\n                    <\/div>\r\n    <div class=\"element element_1694522062385  post_date \">\r\n                    28\/03\/2025        \r\n    <\/div>\r\n        <\/div>\r\n    <\/div>        <\/div>\r\n        <div class=\"pagination\">\r\n            <div class=\"paginate\">\r\n        <span aria-current=\"page\" class=\"page-numbers current\">1<\/span>\n<a class=\"page-numbers\" href=\"https:\/\/cnssbf.org\/index.php?rest_route=%2Fwp%2Fv2%2Fpages%2F69&#038;paged=2\">2<\/a>\n<a class=\"page-numbers\" href=\"https:\/\/cnssbf.org\/index.php?rest_route=%2Fwp%2Fv2%2Fpages%2F69&#038;paged=3\">3<\/a>\n<span class=\"page-numbers dots\">\u2026<\/span>\n<a class=\"page-numbers\" href=\"https:\/\/cnssbf.org\/index.php?rest_route=%2Fwp%2Fv2%2Fpages%2F69&#038;paged=13\">13<\/a>\n<a class=\"next page-numbers\" href=\"https:\/\/cnssbf.org\/index.php?rest_route=%2Fwp%2Fv2%2Fpages%2F69&#038;paged=2\">Suivant \u00bb<\/a>    <\/div>\r\n    <style type=\"text\/css\">\r\n        #post-grid-3296 .pagination .page-numbers {\r\n            font-size: #646464;\r\n            color: #4b4b4b;\r\n            background: #ffffff;\r\n        }\r\n        #post-grid-3296 .pagination .page-numbers:hover,\r\n        #post-grid-3296 .pagination .page-numbers.current {\r\n            background: #0db50a;\r\n        }\r\n    <\/style>\r\n    <\/div>\r\n    <style type=\"text\/css\">\r\n        .layout-3299 .element_1707738453123 {\r\n            overflow: hidden;\r\n                    }\r\n\r\n        .layout-3299 .element_1707738453123 img {\r\n            max-width: 100%;\r\n            height: auto;\r\n        }\r\n\r\n        @media only screen and (min-width: 1024px) {\r\n            .layout-3299 .element_1707738453123 {\r\n                            }\r\n        }\r\n\r\n        @media only screen and (min-width: 768px) and (max-width: 1023px) {\r\n            .layout-3299 .element_1707738453123 {\r\n                            }\r\n        }\r\n\r\n        @media only screen and (min-width: 0px) and (max-width: 767px) {\r\n            .layout-3299 .element_1707738453123 {\r\n                            }\r\n        }\r\n    <\/style>\r\n    <style type=\"text\/css\">\r\n        .layout-3299 .element_1587187895341 {\r\n            font-size: 14px;\r\n            margin: 5px 0;\r\n            text-align: left;\r\n            .text_Style{\r\n   text-align:justify;\r\n}        }\r\n\r\n        .layout-3299 .element_1587187895341 a {\r\n            font-size: 14px;\r\n            margin: 5px 0;\r\n            text-align: left;\r\n            .text_Style{\r\n   text-align:justify;\r\n}        }\r\n    <\/style>\r\n    <style type=\"text\/css\">\r\n        .layout-3299 .element_1707739661087 {\r\n            font-size: 12px;\r\n            text-align: left;\r\n                    }\r\n\r\n        .layout-3299 .element_1707739661087 a {\r\n            font-size: 12px;\r\n                    }\r\n    <\/style>\r\n    <style type=\"text\/css\">\r\n        .layout-3299 .element_1694522062385 {\r\n            text-align: left;\r\n                    }\r\n\r\n        .layout-3299 .element_1694522062385 a {\r\n                    }\r\n    <\/style>\r\n    \r\n\r\n            <style type=\"text\/css\">\r\n            .layout-3299 a{text-decoration:none}.layout-3299 .layer-media{background:#fff none repeat scroll 0 0;border-radius:50%;overflow:hidden}        <\/style>\r\n        <script>\r\n        <\/script>\r\n        <style type=\"text\/css\">\r\n        #post-grid-3296 {\r\n                    }\r\n        #post-grid-3296 .item {\r\n            padding: 0px;\r\n            background: #fff;\r\n                    }\r\n        #post-grid-3296 .item .layer-media {\r\n            height:auto;        }\r\n        @media only screen and (min-width: 0px) and (max-width: 767px) {\r\n            #post-grid-3296 .grid-items {\r\n                display: grid;\r\n                grid-template-columns: 1fr ;\r\n                column-gap: 10px;\r\n                row-gap: 10px;\r\n                            }\r\n            #post-grid-3296 .item {\r\n                height:auto;            }\r\n        }\r\n        @media only screen and (min-width: 768px) and (max-width: 1023px) {\r\n            #post-grid-3296 .grid-items {\r\n                display: grid;\r\n                grid-template-columns: 1fr 1fr ;\r\n                column-gap: 10px;\r\n                row-gap: 10px;             }\r\n            #post-grid-3296 .item {\r\n                max-height:auto;            }\r\n        }\r\n        @media only screen and (min-width: 1024px) {\r\n            #post-grid-3296 .grid-items {\r\n                display: grid;\r\n                grid-template-columns: 1fr 1fr 1fr 1fr ;\r\n                column-gap: 10px;\r\n                row-gap: 10px;\r\n                            }\r\n            #post-grid-3296 .item {\r\n                height:auto;            }\r\n        }\r\n            <\/style>\r\n    <\/div>\r\n<\/div>\n\t\t\t\t<\/div>\n\t\t\t\t<\/div>\n\t\t\t\t\t<\/div>\n\t\t<\/div>\n\t\t\t\t\t\t\t<\/div>\n\t\t<\/section>\n\t\t\t\t\t\t\t<\/div>\n\t\t<div style=\"margin-top: 0px; margin-bottom: 0px;\" class=\"sharethis-inline-share-buttons\" ><\/div>","protected":false},"excerpt":{"rendered":"","protected":false},"author":1,"featured_media":0,"parent":0,"menu_order":0,"comment_status":"closed","ping_status":"closed","template":"","meta":{"pgc_meta":"","footnotes":""},"pgc_meta":"","yoast_head":"<!-- This site is optimized with the Yoast SEO plugin v21.9.1 - https:\/\/yoast.com\/wordpress\/plugins\/seo\/ -->\n<title>Actualit\u00e9s - CNSS BF<\/title>\n<meta name=\"robots\" content=\"index, follow, max-snippet:-1, max-image-preview:large, max-video-preview:-1\" \/>\n<link rel=\"canonical\" href=\"http:\/\/cnssbf.org\/?page_id=69\" \/>\n<meta property=\"og:locale\" content=\"fr_FR\" \/>\n<meta property=\"og:type\" content=\"article\" \/>\n<meta property=\"og:title\" content=\"Actualit\u00e9s - CNSS BF\" \/>\n<meta property=\"og:url\" content=\"http:\/\/cnssbf.org\/?page_id=69\" \/>\n<meta property=\"og:site_name\" content=\"CNSS BF\" \/>\n<meta property=\"article:modified_time\" content=\"2024-02-12T11:26:54+00:00\" \/>\n<meta name=\"twitter:card\" content=\"summary_large_image\" \/>\n<script type=\"application\/ld+json\" class=\"yoast-schema-graph\">{\"@context\":\"https:\/\/schema.org\",\"@graph\":[{\"@type\":\"WebPage\",\"@id\":\"http:\/\/cnssbf.org\/?page_id=69\",\"url\":\"http:\/\/cnssbf.org\/?page_id=69\",\"name\":\"Actualit\u00e9s - CNSS BF\",\"isPartOf\":{\"@id\":\"http:\/\/cnssbf.org\/#website\"},\"datePublished\":\"2018-08-15T06:26:42+00:00\",\"dateModified\":\"2024-02-12T11:26:54+00:00\",\"breadcrumb\":{\"@id\":\"http:\/\/cnssbf.org\/?page_id=69#breadcrumb\"},\"inLanguage\":\"fr-FR\",\"potentialAction\":[{\"@type\":\"ReadAction\",\"target\":[\"http:\/\/cnssbf.org\/?page_id=69\"]}]},{\"@type\":\"BreadcrumbList\",\"@id\":\"http:\/\/cnssbf.org\/?page_id=69#breadcrumb\",\"itemListElement\":[{\"@type\":\"ListItem\",\"position\":1,\"name\":\"Accueil\",\"item\":\"http:\/\/cnssbf.org\/\"},{\"@type\":\"ListItem\",\"position\":2,\"name\":\"Actualit\u00e9s\"}]},{\"@type\":\"WebSite\",\"@id\":\"http:\/\/cnssbf.org\/#website\",\"url\":\"http:\/\/cnssbf.org\/\",\"name\":\"CNSS BF\",\"description\":\"Les vertus de la solidarit\u00e9\",\"publisher\":{\"@id\":\"http:\/\/cnssbf.org\/#organization\"},\"potentialAction\":[{\"@type\":\"SearchAction\",\"target\":{\"@type\":\"EntryPoint\",\"urlTemplate\":\"http:\/\/cnssbf.org\/?s={search_term_string}\"},\"query-input\":\"required name=search_term_string\"}],\"inLanguage\":\"fr-FR\"},{\"@type\":\"Organization\",\"@id\":\"http:\/\/cnssbf.org\/#organization\",\"name\":\"CNSS BF\",\"url\":\"http:\/\/cnssbf.org\/\",\"logo\":{\"@type\":\"ImageObject\",\"inLanguage\":\"fr-FR\",\"@id\":\"http:\/\/cnssbf.org\/#\/schema\/logo\/image\/\",\"url\":\"https:\/\/cnssbf.org\/wp-content\/uploads\/2023\/12\/cropped-cropped-Logo-CNSS_new_SAP-1.png\",\"contentUrl\":\"https:\/\/cnssbf.org\/wp-content\/uploads\/2023\/12\/cropped-cropped-Logo-CNSS_new_SAP-1.png\",\"width\":461,\"height\":143,\"caption\":\"CNSS BF\"},\"image\":{\"@id\":\"http:\/\/cnssbf.org\/#\/schema\/logo\/image\/\"}}]}<\/script>\n<!-- \/ Yoast SEO plugin. -->","yoast_head_json":{"title":"Actualit\u00e9s - CNSS BF","robots":{"index":"index","follow":"follow","max-snippet":"max-snippet:-1","max-image-preview":"max-image-preview:large","max-video-preview":"max-video-preview:-1"},"canonical":"http:\/\/cnssbf.org\/?page_id=69","og_locale":"fr_FR","og_type":"article","og_title":"Actualit\u00e9s - CNSS BF","og_url":"http:\/\/cnssbf.org\/?page_id=69","og_site_name":"CNSS BF","article_modified_time":"2024-02-12T11:26:54+00:00","twitter_card":"summary_large_image","schema":{"@context":"https:\/\/schema.org","@graph":[{"@type":"WebPage","@id":"http:\/\/cnssbf.org\/?page_id=69","url":"http:\/\/cnssbf.org\/?page_id=69","name":"Actualit\u00e9s - CNSS BF","isPartOf":{"@id":"http:\/\/cnssbf.org\/#website"},"datePublished":"2018-08-15T06:26:42+00:00","dateModified":"2024-02-12T11:26:54+00:00","breadcrumb":{"@id":"http:\/\/cnssbf.org\/?page_id=69#breadcrumb"},"inLanguage":"fr-FR","potentialAction":[{"@type":"ReadAction","target":["http:\/\/cnssbf.org\/?page_id=69"]}]},{"@type":"BreadcrumbList","@id":"http:\/\/cnssbf.org\/?page_id=69#breadcrumb","itemListElement":[{"@type":"ListItem","position":1,"name":"Accueil","item":"http:\/\/cnssbf.org\/"},{"@type":"ListItem","position":2,"name":"Actualit\u00e9s"}]},{"@type":"WebSite","@id":"http:\/\/cnssbf.org\/#website","url":"http:\/\/cnssbf.org\/","name":"CNSS BF","description":"Les vertus de la solidarit\u00e9","publisher":{"@id":"http:\/\/cnssbf.org\/#organization"},"potentialAction":[{"@type":"SearchAction","target":{"@type":"EntryPoint","urlTemplate":"http:\/\/cnssbf.org\/?s={search_term_string}"},"query-input":"required name=search_term_string"}],"inLanguage":"fr-FR"},{"@type":"Organization","@id":"http:\/\/cnssbf.org\/#organization","name":"CNSS BF","url":"http:\/\/cnssbf.org\/","logo":{"@type":"ImageObject","inLanguage":"fr-FR","@id":"http:\/\/cnssbf.org\/#\/schema\/logo\/image\/","url":"https:\/\/cnssbf.org\/wp-content\/uploads\/2023\/12\/cropped-cropped-Logo-CNSS_new_SAP-1.png","contentUrl":"https:\/\/cnssbf.org\/wp-content\/uploads\/2023\/12\/cropped-cropped-Logo-CNSS_new_SAP-1.png","width":461,"height":143,"caption":"CNSS BF"},"image":{"@id":"http:\/\/cnssbf.org\/#\/schema\/logo\/image\/"}}]}},"_links":{"self":[{"href":"https:\/\/cnssbf.org\/index.php?rest_route=\/wp\/v2\/pages\/69"}],"collection":[{"href":"https:\/\/cnssbf.org\/index.php?rest_route=\/wp\/v2\/pages"}],"about":[{"href":"https:\/\/cnssbf.org\/index.php?rest_route=\/wp\/v2\/types\/page"}],"author":[{"embeddable":true,"href":"https:\/\/cnssbf.org\/index.php?rest_route=\/wp\/v2\/users\/1"}],"replies":[{"embeddable":true,"href":"https:\/\/cnssbf.org\/index.php?rest_route=%2Fwp%2Fv2%2Fcomments&post=69"}],"version-history":[{"count":0,"href":"https:\/\/cnssbf.org\/index.php?rest_route=\/wp\/v2\/pages\/69\/revisions"}],"wp:attachment":[{"href":"https:\/\/cnssbf.org\/index.php?rest_route=%2Fwp%2Fv2%2Fmedia&parent=69"}],"curies":[{"name":"wp","href":"https:\/\/api.w.org\/{rel}","templated":true}]}}